{"id":60,"date":"2021-03-21T15:33:42","date_gmt":"2021-03-21T15:33:42","guid":{"rendered":"https:\/\/beatrice-lambert.fr\/?page_id=60"},"modified":"2021-10-10T10:32:23","modified_gmt":"2021-10-10T10:32:23","slug":"agenda-beatrice-lambert","status":"publish","type":"page","link":"https:\/\/beatrice-lambert.fr\/index.php\/agenda-beatrice-lambert\/","title":{"rendered":"Agenda"},"content":{"rendered":"\t\t<div data-elementor-type=\"wp-page\" data-elementor-id=\"60\" class=\"elementor elementor-60\">\n\t\t\t\t\t\t<section class=\"elementor-section elementor-top-section elementor-element elementor-element-136e5dd7 elementor-section-boxed elementor-section-height-default elementor-section-height-default\" data-id=\"136e5dd7\" data-element_type=\"section\" data-e-type=\"section\">\n\t\t\t\t\t\t<div class=\"elementor-container elementor-column-gap-default\">\n\t\t\t\t\t<div class=\"elementor-column elementor-col-100 elementor-top-column elementor-element elementor-element-1c0e3b92\" data-id=\"1c0e3b92\" data-element_type=\"column\" data-e-type=\"column\">\n\t\t\t<div class=\"elementor-widget-wrap elementor-element-populated\">\n\t\t\t\t\t\t<div class=\"elementor-element elementor-element-69d010e elementor-widget elementor-widget-text-editor\" data-id=\"69d010e\" data-element_type=\"widget\" data-e-type=\"widget\" data-widget_type=\"text-editor.default\">\n\t\t\t\t<div class=\"elementor-widget-container\">\n\t\t\t\t\t\t\t\t\t\n<p class=\"has-text-align-center\">L&rsquo;agenda des \u00e9v\u00e9nements<\/p>\n\t\t\t\t\t\t\t\t<\/div>\n\t\t\t\t<\/div>\n\t\t\t\t\t<\/div>\n\t\t<\/div>\n\t\t\t\t\t<\/div>\n\t\t<\/section>\n\t\t\t\t<section class=\"elementor-section elementor-top-section elementor-element elementor-element-a2e8df2 elementor-section-boxed elementor-section-height-default elementor-section-height-default\" data-id=\"a2e8df2\" data-element_type=\"section\" data-e-type=\"section\">\n\t\t\t\t\t\t<div class=\"elementor-container elementor-column-gap-default\">\n\t\t\t\t\t<div class=\"elementor-column elementor-col-100 elementor-top-column elementor-element elementor-element-b84fa49\" data-id=\"b84fa49\" data-element_type=\"column\" data-e-type=\"column\">\n\t\t\t<div class=\"elementor-widget-wrap elementor-element-populated\">\n\t\t\t\t\t\t<div class=\"elementor-element elementor-element-5471da2 elementor-widget elementor-widget-html\" data-id=\"5471da2\" data-element_type=\"widget\" data-e-type=\"widget\" data-widget_type=\"html.default\">\n\t\t\t\t<div class=\"elementor-widget-container\">\n\t\t\t\t\t<iframe src=\"https:\/\/calendar.google.com\/calendar\/embed?src=beatrice.lambert938%40gmail.com&ctz=Europe%2FParis\" style=\"border: 0\" width=\"800\" height=\"600\" frameborder=\"0\" scrolling=\"no\"><\/iframe>\t\t\t\t<\/div>\n\t\t\t\t<\/div>\n\t\t\t\t\t<\/div>\n\t\t<\/div>\n\t\t\t\t\t<\/div>\n\t\t<\/section>\n\t\t\t\t<\/div>\n\t\t","protected":false},"excerpt":{"rendered":"<p>L&rsquo;agenda des \u00e9v\u00e9nements<\/p>\n","protected":false},"author":1,"featured_media":0,"parent":0,"menu_order":0,"comment_status":"closed","ping_status":"closed","template":"","meta":{"_acf_changed":false,"_kad_post_transparent":"","_kad_post_title":"","_kad_post_layout":"","_kad_post_sidebar_id":"","_kad_post_content_style":"","_kad_post_vertical_padding":"","_kad_post_feature":"","_kad_post_feature_position":"","_kad_post_header":false,"_kad_post_footer":false,"_kad_post_classname":"","footnotes":""},"class_list":["post-60","page","type-page","status-publish","hentry"],"acf":[],"yoast_head":"<!-- This site is optimized with the Yoast SEO plugin v27.5 - https:\/\/yoast.com\/product\/yoast-seo-wordpress\/ -->\n<title>Agenda - Beatrice Lambert<\/title>\n<meta name=\"description\" content=\"Agenda des \u00e9v\u00e9nements, formations et week-ends organis\u00e9s par B\u00e9atrice Lambert et ses collaborateur(trice)s. Par exemple : les c\u00e9r\u00e9monies Chamaniques, rena\u00eetre \u00e0 sa terre, hutte \u00e0 sudation etc...\" \/>\n<meta name=\"robots\" content=\"index, follow, max-snippet:-1, max-image-preview:large, max-video-preview:-1\" \/>\n<link rel=\"canonical\" href=\"https:\/\/beatrice-lambert.fr\/index.php\/agenda-beatrice-lambert\/\" \/>\n<meta property=\"og:locale\" content=\"fr_FR\" \/>\n<meta property=\"og:type\" content=\"article\" \/>\n<meta property=\"og:title\" content=\"Agenda - Beatrice Lambert\" \/>\n<meta property=\"og:description\" content=\"Agenda des \u00e9v\u00e9nements, formations et week-ends organis\u00e9s par B\u00e9atrice Lambert et ses collaborateur(trice)s. Par exemple : les c\u00e9r\u00e9monies Chamaniques, rena\u00eetre \u00e0 sa terre, hutte \u00e0 sudation etc...\" \/>\n<meta property=\"og:url\" content=\"https:\/\/beatrice-lambert.fr\/index.php\/agenda-beatrice-lambert\/\" \/>\n<meta property=\"og:site_name\" content=\"Beatrice Lambert\" \/>\n<meta property=\"article:modified_time\" content=\"2021-10-10T10:32:23+00:00\" \/>\n<meta name=\"twitter:card\" content=\"summary_large_image\" \/>\n<meta name=\"twitter:label1\" content=\"Dur\u00e9e de lecture estim\u00e9e\" \/>\n\t<meta name=\"twitter:data1\" content=\"1 minute\" \/>\n<script type=\"application\/ld+json\" class=\"yoast-schema-graph\">{\"@context\":\"https:\\\/\\\/schema.org\",\"@graph\":[{\"@type\":\"WebPage\",\"@id\":\"https:\\\/\\\/beatrice-lambert.fr\\\/index.php\\\/agenda-beatrice-lambert\\\/\",\"url\":\"https:\\\/\\\/beatrice-lambert.fr\\\/index.php\\\/agenda-beatrice-lambert\\\/\",\"name\":\"Agenda - Beatrice Lambert\",\"isPartOf\":{\"@id\":\"https:\\\/\\\/beatrice-lambert.fr\\\/#website\"},\"datePublished\":\"2021-03-21T15:33:42+00:00\",\"dateModified\":\"2021-10-10T10:32:23+00:00\",\"description\":\"Agenda des \u00e9v\u00e9nements, formations et week-ends organis\u00e9s par B\u00e9atrice Lambert et ses collaborateur(trice)s. Par exemple : les c\u00e9r\u00e9monies Chamaniques, rena\u00eetre \u00e0 sa terre, hutte \u00e0 sudation etc...\",\"breadcrumb\":{\"@id\":\"https:\\\/\\\/beatrice-lambert.fr\\\/index.php\\\/agenda-beatrice-lambert\\\/#breadcrumb\"},\"inLanguage\":\"fr-FR\",\"potentialAction\":[{\"@type\":\"ReadAction\",\"target\":[\"https:\\\/\\\/beatrice-lambert.fr\\\/index.php\\\/agenda-beatrice-lambert\\\/\"]}]},{\"@type\":\"BreadcrumbList\",\"@id\":\"https:\\\/\\\/beatrice-lambert.fr\\\/index.php\\\/agenda-beatrice-lambert\\\/#breadcrumb\",\"itemListElement\":[{\"@type\":\"ListItem\",\"position\":1,\"name\":\"Accueil\",\"item\":\"https:\\\/\\\/beatrice-lambert.fr\\\/\"},{\"@type\":\"ListItem\",\"position\":2,\"name\":\"Agenda\"}]},{\"@type\":\"WebSite\",\"@id\":\"https:\\\/\\\/beatrice-lambert.fr\\\/#website\",\"url\":\"https:\\\/\\\/beatrice-lambert.fr\\\/\",\"name\":\"Beatrice Lambert\",\"description\":\"\",\"publisher\":{\"@id\":\"https:\\\/\\\/beatrice-lambert.fr\\\/#organization\"},\"potentialAction\":[{\"@type\":\"SearchAction\",\"target\":{\"@type\":\"EntryPoint\",\"urlTemplate\":\"https:\\\/\\\/beatrice-lambert.fr\\\/?s={search_term_string}\"},\"query-input\":{\"@type\":\"PropertyValueSpecification\",\"valueRequired\":true,\"valueName\":\"search_term_string\"}}],\"inLanguage\":\"fr-FR\"},{\"@type\":\"Organization\",\"@id\":\"https:\\\/\\\/beatrice-lambert.fr\\\/#organization\",\"name\":\"B\u00e9atrice Lambert\",\"url\":\"https:\\\/\\\/beatrice-lambert.fr\\\/\",\"logo\":{\"@type\":\"ImageObject\",\"inLanguage\":\"fr-FR\",\"@id\":\"https:\\\/\\\/beatrice-lambert.fr\\\/#\\\/schema\\\/logo\\\/image\\\/\",\"url\":\"https:\\\/\\\/beatrice-lambert.fr\\\/wp-content\\\/uploads\\\/2021\\\/09\\\/Beatrice-Logo-OK6.png\",\"contentUrl\":\"https:\\\/\\\/beatrice-lambert.fr\\\/wp-content\\\/uploads\\\/2021\\\/09\\\/Beatrice-Logo-OK6.png\",\"width\":400,\"height\":283,\"caption\":\"B\u00e9atrice Lambert\"},\"image\":{\"@id\":\"https:\\\/\\\/beatrice-lambert.fr\\\/#\\\/schema\\\/logo\\\/image\\\/\"}}]}<\/script>\n<!-- \/ Yoast SEO plugin. -->","yoast_head_json":{"title":"Agenda - Beatrice Lambert","description":"Agenda des \u00e9v\u00e9nements, formations et week-ends organis\u00e9s par B\u00e9atrice Lambert et ses collaborateur(trice)s. Par exemple : les c\u00e9r\u00e9monies Chamaniques, rena\u00eetre \u00e0 sa terre, hutte \u00e0 sudation etc...","robots":{"index":"index","follow":"follow","max-snippet":"max-snippet:-1","max-image-preview":"max-image-preview:large","max-video-preview":"max-video-preview:-1"},"canonical":"https:\/\/beatrice-lambert.fr\/index.php\/agenda-beatrice-lambert\/","og_locale":"fr_FR","og_type":"article","og_title":"Agenda - Beatrice Lambert","og_description":"Agenda des \u00e9v\u00e9nements, formations et week-ends organis\u00e9s par B\u00e9atrice Lambert et ses collaborateur(trice)s. Par exemple : les c\u00e9r\u00e9monies Chamaniques, rena\u00eetre \u00e0 sa terre, hutte \u00e0 sudation etc...","og_url":"https:\/\/beatrice-lambert.fr\/index.php\/agenda-beatrice-lambert\/","og_site_name":"Beatrice Lambert","article_modified_time":"2021-10-10T10:32:23+00:00","twitter_card":"summary_large_image","twitter_misc":{"Dur\u00e9e de lecture estim\u00e9e":"1 minute"},"schema":{"@context":"https:\/\/schema.org","@graph":[{"@type":"WebPage","@id":"https:\/\/beatrice-lambert.fr\/index.php\/agenda-beatrice-lambert\/","url":"https:\/\/beatrice-lambert.fr\/index.php\/agenda-beatrice-lambert\/","name":"Agenda - Beatrice Lambert","isPartOf":{"@id":"https:\/\/beatrice-lambert.fr\/#website"},"datePublished":"2021-03-21T15:33:42+00:00","dateModified":"2021-10-10T10:32:23+00:00","description":"Agenda des \u00e9v\u00e9nements, formations et week-ends organis\u00e9s par B\u00e9atrice Lambert et ses collaborateur(trice)s. Par exemple : les c\u00e9r\u00e9monies Chamaniques, rena\u00eetre \u00e0 sa terre, hutte \u00e0 sudation etc...","breadcrumb":{"@id":"https:\/\/beatrice-lambert.fr\/index.php\/agenda-beatrice-lambert\/#breadcrumb"},"inLanguage":"fr-FR","potentialAction":[{"@type":"ReadAction","target":["https:\/\/beatrice-lambert.fr\/index.php\/agenda-beatrice-lambert\/"]}]},{"@type":"BreadcrumbList","@id":"https:\/\/beatrice-lambert.fr\/index.php\/agenda-beatrice-lambert\/#breadcrumb","itemListElement":[{"@type":"ListItem","position":1,"name":"Accueil","item":"https:\/\/beatrice-lambert.fr\/"},{"@type":"ListItem","position":2,"name":"Agenda"}]},{"@type":"WebSite","@id":"https:\/\/beatrice-lambert.fr\/#website","url":"https:\/\/beatrice-lambert.fr\/","name":"Beatrice Lambert","description":"","publisher":{"@id":"https:\/\/beatrice-lambert.fr\/#organization"},"potentialAction":[{"@type":"SearchAction","target":{"@type":"EntryPoint","urlTemplate":"https:\/\/beatrice-lambert.fr\/?s={search_term_string}"},"query-input":{"@type":"PropertyValueSpecification","valueRequired":true,"valueName":"search_term_string"}}],"inLanguage":"fr-FR"},{"@type":"Organization","@id":"https:\/\/beatrice-lambert.fr\/#organization","name":"B\u00e9atrice Lambert","url":"https:\/\/beatrice-lambert.fr\/","logo":{"@type":"ImageObject","inLanguage":"fr-FR","@id":"https:\/\/beatrice-lambert.fr\/#\/schema\/logo\/image\/","url":"https:\/\/beatrice-lambert.fr\/wp-content\/uploads\/2021\/09\/Beatrice-Logo-OK6.png","contentUrl":"https:\/\/beatrice-lambert.fr\/wp-content\/uploads\/2021\/09\/Beatrice-Logo-OK6.png","width":400,"height":283,"caption":"B\u00e9atrice Lambert"},"image":{"@id":"https:\/\/beatrice-lambert.fr\/#\/schema\/logo\/image\/"}}]}},"_links":{"self":[{"href":"https:\/\/beatrice-lambert.fr\/index.php\/wp-json\/wp\/v2\/pages\/60","targetHints":{"allow":["GET"]}}],"collection":[{"href":"https:\/\/beatrice-lambert.fr\/index.php\/wp-json\/wp\/v2\/pages"}],"about":[{"href":"https:\/\/beatrice-lambert.fr\/index.php\/wp-json\/wp\/v2\/types\/page"}],"author":[{"embeddable":true,"href":"https:\/\/beatrice-lambert.fr\/index.php\/wp-json\/wp\/v2\/users\/1"}],"replies":[{"embeddable":true,"href":"https:\/\/beatrice-lambert.fr\/index.php\/wp-json\/wp\/v2\/comments?post=60"}],"version-history":[{"count":17,"href":"https:\/\/beatrice-lambert.fr\/index.php\/wp-json\/wp\/v2\/pages\/60\/revisions"}],"predecessor-version":[{"id":1437,"href":"https:\/\/beatrice-lambert.fr\/index.php\/wp-json\/wp\/v2\/pages\/60\/revisions\/1437"}],"wp:attachment":[{"href":"https:\/\/beatrice-lambert.fr\/index.php\/wp-json\/wp\/v2\/media?parent=60"}],"curies":[{"name":"wp","href":"https:\/\/api.w.org\/{rel}","templated":true}]}}