{"id":102,"date":"2021-04-05T10:18:26","date_gmt":"2021-04-05T10:18:26","guid":{"rendered":"https:\/\/beatrice-lambert.fr\/?page_id=102"},"modified":"2025-11-05T14:14:52","modified_gmt":"2025-11-05T14:14:52","slug":"qui-suis-je","status":"publish","type":"page","link":"https:\/\/beatrice-lambert.fr\/index.php\/colibri-wp\/qui-suis-je\/","title":{"rendered":"Qui suis je ?"},"content":{"rendered":"\t\t<div data-elementor-type=\"wp-page\" data-elementor-id=\"102\" class=\"elementor elementor-102\">\n\t\t\t\t\t\t<section class=\"elementor-section elementor-top-section elementor-element elementor-element-ca06f7f elementor-section-boxed elementor-section-height-default elementor-section-height-default\" data-id=\"ca06f7f\" data-element_type=\"section\" data-e-type=\"section\">\n\t\t\t\t\t\t<div class=\"elementor-container elementor-column-gap-default\">\n\t\t\t\t\t<div class=\"elementor-column elementor-col-100 elementor-top-column elementor-element elementor-element-3c70f8d\" data-id=\"3c70f8d\" data-element_type=\"column\" data-e-type=\"column\">\n\t\t\t<div class=\"elementor-widget-wrap elementor-element-populated\">\n\t\t\t\t\t\t<div class=\"elementor-element elementor-element-722decb elementor-widget elementor-widget-heading\" data-id=\"722decb\" data-element_type=\"widget\" data-e-type=\"widget\" data-widget_type=\"heading.default\">\n\t\t\t\t<div class=\"elementor-widget-container\">\n\t\t\t\t\t<h1 class=\"elementor-heading-title elementor-size-default\">Qui suis-je ?<\/h1>\t\t\t\t<\/div>\n\t\t\t\t<\/div>\n\t\t\t\t\t<\/div>\n\t\t<\/div>\n\t\t\t\t\t<\/div>\n\t\t<\/section>\n\t\t\t\t<section class=\"elementor-section elementor-top-section elementor-element elementor-element-a7dc934 elementor-section-boxed elementor-section-height-default elementor-section-height-default\" data-id=\"a7dc934\" data-element_type=\"section\" data-e-type=\"section\">\n\t\t\t\t\t\t<div class=\"elementor-container elementor-column-gap-default\">\n\t\t\t\t\t<div class=\"elementor-column elementor-col-100 elementor-top-column elementor-element elementor-element-972f44c\" data-id=\"972f44c\" data-element_type=\"column\" data-e-type=\"column\">\n\t\t\t<div class=\"elementor-widget-wrap elementor-element-populated\">\n\t\t\t\t\t\t<div class=\"elementor-element elementor-element-ba521ea elementor-widget elementor-widget-text-editor\" data-id=\"ba521ea\" data-element_type=\"widget\" data-e-type=\"widget\" data-widget_type=\"text-editor.default\">\n\t\t\t\t<div class=\"elementor-widget-container\">\n\t\t\t\t\t\t\t\t\t<p style=\"text-align: justify;\">J\u2019\u00e9tais une enfant tr\u00e8s vivante, trop pour certains qui se sont empress\u00e9s de limiter mon \u00e9nergie et sa libre circulation. Je suis, bon gr\u00e9 mal gr\u00e9, entr\u00e9e dans les \u00ab rangs \u00bb !&nbsp;<\/p>\n<p>Je suis devenue animatrice socioculturelle aupr\u00e8s d\u2019adolescents et de jeunes adultes, \u00e0 la campagne et en quartier comme on dit ! J\u2019ai \u00e9t\u00e9 voir du c\u00f4t\u00e9 de l\u2019\u00e9ducation sp\u00e9cialis\u00e9e et de l\u2019accueil des adolescents en internat. Apr\u00e8s des fonctions d\u2019audit et de direction d\u2019\u00e9quipements, j\u2019ai cl\u00f4tur\u00e9 ma carri\u00e8re dans le social par un ravageur mais enseignant burn out !&nbsp;<\/p>\n<p>Parall\u00e8lement, \u00e0 25 ans, plut\u00f4t que de devenir d\u00e9linquante, je suis entr\u00e9e en th\u00e9rapie ! Et le grand voyage de d\u00e9construction du dressage surmo\u00efque a commenc\u00e9 ! Suivant la voie des th\u00e9rapies verbales et analytiques, j\u2019ai compris ! Croisant la voie de la somatoth\u00e9rapie, j\u2019ai commenc\u00e9 \u00e0 sentir ! Avec le chamanisme, j\u2019ai commenc\u00e9 \u00e0 r\u00e9parer et \u00e0 me relier \u00e0 \u00ab\u00a0Plus grand que moi\u00a0\u00bb ! Lorsque la Psychologie Biodynamique s\u2019est install\u00e9e dans ma vie, j\u2019ai r\u00e9par\u00e9, j\u2019ai senti, j\u2019ai respir\u00e9, j\u2019ai puls\u00e9, j\u2019ai rassembl\u00e9 mon \u00catre&#8230; Et c\u2019est \u00e0 cette forme de psychoth\u00e9rapie que j\u2019ai choisi de me former.&nbsp;<\/p>\t\t\t\t\t\t\t\t<\/div>\n\t\t\t\t<\/div>\n\t\t\t\t\t<\/div>\n\t\t<\/div>\n\t\t\t\t\t<\/div>\n\t\t<\/section>\n\t\t\t\t<section class=\"elementor-section elementor-top-section elementor-element elementor-element-c92f893 elementor-section-boxed elementor-section-height-default elementor-section-height-default\" data-id=\"c92f893\" data-element_type=\"section\" data-e-type=\"section\">\n\t\t\t\t\t\t<div class=\"elementor-container elementor-column-gap-default\">\n\t\t\t\t\t<div class=\"elementor-column elementor-col-50 elementor-top-column elementor-element elementor-element-4740294\" data-id=\"4740294\" data-element_type=\"column\" data-e-type=\"column\">\n\t\t\t<div class=\"elementor-widget-wrap elementor-element-populated\">\n\t\t\t\t\t\t<div class=\"elementor-element elementor-element-c2851f6 elementor-widget elementor-widget-image\" data-id=\"c2851f6\" data-element_type=\"widget\" data-e-type=\"widget\" data-widget_type=\"image.default\">\n\t\t\t\t<div class=\"elementor-widget-container\">\n\t\t\t\t\t\t\t\t\t\t\t\t\t\t\t<img decoding=\"async\" src=\"https:\/\/beatrice-lambert.fr\/wp-content\/uploads\/elementor\/thumbs\/DSCF6062-pe7xf729621m0m0uk6yfdgbnxa2dyqbfaij109r068.jpg\" title=\"DSCF6062\" alt=\"DSCF6062\" loading=\"lazy\" \/>\t\t\t\t\t\t\t\t\t\t\t\t\t\t\t<\/div>\n\t\t\t\t<\/div>\n\t\t\t\t\t<\/div>\n\t\t<\/div>\n\t\t\t\t<div class=\"elementor-column elementor-col-50 elementor-top-column elementor-element elementor-element-9a5ea6f\" data-id=\"9a5ea6f\" data-element_type=\"column\" data-e-type=\"column\">\n\t\t\t<div class=\"elementor-widget-wrap elementor-element-populated\">\n\t\t\t\t\t\t<div class=\"elementor-element elementor-element-f1f70f0 elementor-widget elementor-widget-text-editor\" data-id=\"f1f70f0\" data-element_type=\"widget\" data-e-type=\"widget\" data-widget_type=\"text-editor.default\">\n\t\t\t\t<div class=\"elementor-widget-container\">\n\t\t\t\t\t\t\t\t\t<p>Par le retour au corps et aux sensations corporelles, cette psychoth\u00e9rapie corporelle permet de poser des bases suffisamment s\u00e9cures. Elle ouvre une exploration douce (bon d&rsquo;accord, des fois, la douceur, \u00e7a fait mal\u2026) des \u00e9motions bloqu\u00e9es dans le corps. Elle a imprim\u00e9 en moi la posture professionnelle que Gerda Boyesen a \u00e9labor\u00e9e et \u00e9prouv\u00e9e : l\u2019accueil inconditionnel par la \u00ab\u00a0pr\u00e9sence enracin\u00e9e\u00a0\u00bb.<\/p><p>Le chemin chamanique est grav\u00e9e en moi et je deviens, jour apr\u00e8s jour, cette femme-creuse reliant, du mieux que je peux, P\u00e8re-Ciel et M\u00e8re-Terre. Chaque r\u00e8gne est inscrit dans chacun des actes de ma vie quotidienne, je les remercie et les honore.<\/p>\t\t\t\t\t\t\t\t<\/div>\n\t\t\t\t<\/div>\n\t\t\t\t\t<\/div>\n\t\t<\/div>\n\t\t\t\t\t<\/div>\n\t\t<\/section>\n\t\t\t\t<section class=\"elementor-section elementor-top-section elementor-element elementor-element-bf86785 elementor-section-boxed elementor-section-height-default elementor-section-height-default\" data-id=\"bf86785\" data-element_type=\"section\" data-e-type=\"section\">\n\t\t\t\t\t\t<div class=\"elementor-container elementor-column-gap-default\">\n\t\t\t\t\t<div class=\"elementor-column elementor-col-50 elementor-top-column elementor-element elementor-element-27387c6\" data-id=\"27387c6\" data-element_type=\"column\" data-e-type=\"column\">\n\t\t\t<div class=\"elementor-widget-wrap elementor-element-populated\">\n\t\t\t\t\t\t<div class=\"elementor-element elementor-element-d2c9692 elementor-widget elementor-widget-text-editor\" data-id=\"d2c9692\" data-element_type=\"widget\" data-e-type=\"widget\" data-widget_type=\"text-editor.default\">\n\t\t\t\t<div class=\"elementor-widget-container\">\n\t\t\t\t\t\t\t\t\t<p>La pr\u00e9sence enracin\u00e9e s\u2019expend, mon \u00ab\u00a0je\u00a0\u00bb se dissout au profit d\u2019une guidance d\u2019une autre dimension.<\/p><p>La conscience du Vivant que j\u2019ai d\u00e9velopp\u00e9e m\u2019oblige \u00e0 me mobiliser pour et dans la transition \u00e9cologique. Je prends position dans l\u2019espace public de mani\u00e8re adapt\u00e9e \u00e0 mon \u00catre aujourd\u2019hui.<\/p><p>Je tente, pas \u00e0 pas, d\u2019apporter ma contribution au Monde&#8230;<\/p><p>.<\/p>\t\t\t\t\t\t\t\t<\/div>\n\t\t\t\t<\/div>\n\t\t\t\t\t<\/div>\n\t\t<\/div>\n\t\t\t\t<div class=\"elementor-column elementor-col-50 elementor-top-column elementor-element elementor-element-4f106fc\" data-id=\"4f106fc\" data-element_type=\"column\" data-e-type=\"column\">\n\t\t\t<div class=\"elementor-widget-wrap elementor-element-populated\">\n\t\t\t\t\t\t<div class=\"elementor-element elementor-element-3145176 elementor-widget elementor-widget-image\" data-id=\"3145176\" data-element_type=\"widget\" data-e-type=\"widget\" data-widget_type=\"image.default\">\n\t\t\t\t<div class=\"elementor-widget-container\">\n\t\t\t\t\t\t\t\t\t\t\t\t\t\t\t<img decoding=\"async\" src=\"https:\/\/beatrice-lambert.fr\/wp-content\/uploads\/elementor\/thumbs\/moigerbier-p71sx7rgszpy91hgoro79xfpq9rctvhecubdw8oq74.jpg\" title=\"moi+gerbier\" alt=\"moi+gerbier\" loading=\"lazy\" \/>\t\t\t\t\t\t\t\t\t\t\t\t\t\t\t<\/div>\n\t\t\t\t<\/div>\n\t\t\t\t\t<\/div>\n\t\t<\/div>\n\t\t\t\t\t<\/div>\n\t\t<\/section>\n\t\t\t\t<\/div>\n\t\t","protected":false},"excerpt":{"rendered":"<p>Qui suis-je ? J\u2019\u00e9tais une enfant tr\u00e8s vivante, trop pour certains qui se sont empress\u00e9s de limiter mon \u00e9nergie et sa libre circulation. Je suis, bon gr\u00e9 mal gr\u00e9, entr\u00e9e dans les \u00ab rangs \u00bb !&nbsp; Je suis devenue animatrice socioculturelle aupr\u00e8s d\u2019adolescents et de jeunes adultes, \u00e0 la campagne et en quartier comme on&#8230;<\/p>\n","protected":false},"author":1,"featured_media":0,"parent":115,"menu_order":0,"comment_status":"closed","ping_status":"closed","template":"","meta":{"_acf_changed":false,"_kad_post_transparent":"","_kad_post_title":"hide","_kad_post_layout":"fullwidth","_kad_post_sidebar_id":"","_kad_post_content_style":"unboxed","_kad_post_vertical_padding":"hide","_kad_post_feature":"hide","_kad_post_feature_position":"","_kad_post_header":false,"_kad_post_footer":false,"_kad_post_classname":"","footnotes":""},"class_list":["post-102","page","type-page","status-publish","hentry"],"acf":[],"yoast_head":"<!-- This site is optimized with the Yoast SEO plugin v27.4 - https:\/\/yoast.com\/product\/yoast-seo-wordpress\/ -->\n<title>Qui suis je ? - Beatrice Lambert<\/title>\n<meta name=\"description\" content=\"Sp\u00e9cialis\u00e9e dans la Psychoth\u00e9rapie corporelle et chamanique et je propose diff\u00e9rents types d&#039;accompagnements : individuel, collectifs, week-end etc...\" \/>\n<meta name=\"robots\" content=\"index, follow, max-snippet:-1, max-image-preview:large, max-video-preview:-1\" \/>\n<link rel=\"canonical\" href=\"https:\/\/beatrice-lambert.fr\/index.php\/colibri-wp\/qui-suis-je\/\" \/>\n<meta property=\"og:locale\" content=\"fr_FR\" \/>\n<meta property=\"og:type\" content=\"article\" \/>\n<meta property=\"og:title\" content=\"Qui suis je ? - Beatrice Lambert\" \/>\n<meta property=\"og:description\" content=\"Sp\u00e9cialis\u00e9e dans la Psychoth\u00e9rapie corporelle et chamanique et je propose diff\u00e9rents types d&#039;accompagnements : individuel, collectifs, week-end etc...\" \/>\n<meta property=\"og:url\" content=\"https:\/\/beatrice-lambert.fr\/index.php\/colibri-wp\/qui-suis-je\/\" \/>\n<meta property=\"og:site_name\" content=\"Beatrice Lambert\" \/>\n<meta property=\"article:modified_time\" content=\"2025-11-05T14:14:52+00:00\" \/>\n<meta property=\"og:image\" content=\"https:\/\/beatrice-lambert.fr\/wp-content\/uploads\/elementor\/thumbs\/DSCF6062-pe7xf729621m0m0uk6yfdgbnxa2dyqbfaij109r068.jpg\" \/>\n<meta name=\"twitter:card\" content=\"summary_large_image\" \/>\n<meta name=\"twitter:label1\" content=\"Dur\u00e9e de lecture estim\u00e9e\" \/>\n\t<meta name=\"twitter:data1\" content=\"3 minutes\" \/>\n<script type=\"application\/ld+json\" class=\"yoast-schema-graph\">{\"@context\":\"https:\\\/\\\/schema.org\",\"@graph\":[{\"@type\":\"WebPage\",\"@id\":\"https:\\\/\\\/beatrice-lambert.fr\\\/index.php\\\/colibri-wp\\\/qui-suis-je\\\/\",\"url\":\"https:\\\/\\\/beatrice-lambert.fr\\\/index.php\\\/colibri-wp\\\/qui-suis-je\\\/\",\"name\":\"Qui suis je ? - Beatrice Lambert\",\"isPartOf\":{\"@id\":\"https:\\\/\\\/beatrice-lambert.fr\\\/#website\"},\"primaryImageOfPage\":{\"@id\":\"https:\\\/\\\/beatrice-lambert.fr\\\/index.php\\\/colibri-wp\\\/qui-suis-je\\\/#primaryimage\"},\"image\":{\"@id\":\"https:\\\/\\\/beatrice-lambert.fr\\\/index.php\\\/colibri-wp\\\/qui-suis-je\\\/#primaryimage\"},\"thumbnailUrl\":\"https:\\\/\\\/beatrice-lambert.fr\\\/wp-content\\\/uploads\\\/elementor\\\/thumbs\\\/DSCF6062-pe7xf729621m0m0uk6yfdgbnxa2dyqbfaij109r068.jpg\",\"datePublished\":\"2021-04-05T10:18:26+00:00\",\"dateModified\":\"2025-11-05T14:14:52+00:00\",\"description\":\"Sp\u00e9cialis\u00e9e dans la Psychoth\u00e9rapie corporelle et chamanique et je propose diff\u00e9rents types d'accompagnements : individuel, collectifs, week-end etc...\",\"breadcrumb\":{\"@id\":\"https:\\\/\\\/beatrice-lambert.fr\\\/index.php\\\/colibri-wp\\\/qui-suis-je\\\/#breadcrumb\"},\"inLanguage\":\"fr-FR\",\"potentialAction\":[{\"@type\":\"ReadAction\",\"target\":[\"https:\\\/\\\/beatrice-lambert.fr\\\/index.php\\\/colibri-wp\\\/qui-suis-je\\\/\"]}]},{\"@type\":\"ImageObject\",\"inLanguage\":\"fr-FR\",\"@id\":\"https:\\\/\\\/beatrice-lambert.fr\\\/index.php\\\/colibri-wp\\\/qui-suis-je\\\/#primaryimage\",\"url\":\"https:\\\/\\\/beatrice-lambert.fr\\\/wp-content\\\/uploads\\\/elementor\\\/thumbs\\\/DSCF6062-pe7xf729621m0m0uk6yfdgbnxa2dyqbfaij109r068.jpg\",\"contentUrl\":\"https:\\\/\\\/beatrice-lambert.fr\\\/wp-content\\\/uploads\\\/elementor\\\/thumbs\\\/DSCF6062-pe7xf729621m0m0uk6yfdgbnxa2dyqbfaij109r068.jpg\"},{\"@type\":\"BreadcrumbList\",\"@id\":\"https:\\\/\\\/beatrice-lambert.fr\\\/index.php\\\/colibri-wp\\\/qui-suis-je\\\/#breadcrumb\",\"itemListElement\":[{\"@type\":\"ListItem\",\"position\":1,\"name\":\"Accueil\",\"item\":\"https:\\\/\\\/beatrice-lambert.fr\\\/\"},{\"@type\":\"ListItem\",\"position\":2,\"name\":\"Page d&rsquo;accueil\",\"item\":\"https:\\\/\\\/beatrice-lambert.fr\\\/\"},{\"@type\":\"ListItem\",\"position\":3,\"name\":\"Qui suis je ?\"}]},{\"@type\":\"WebSite\",\"@id\":\"https:\\\/\\\/beatrice-lambert.fr\\\/#website\",\"url\":\"https:\\\/\\\/beatrice-lambert.fr\\\/\",\"name\":\"Beatrice Lambert\",\"description\":\"\",\"publisher\":{\"@id\":\"https:\\\/\\\/beatrice-lambert.fr\\\/#organization\"},\"potentialAction\":[{\"@type\":\"SearchAction\",\"target\":{\"@type\":\"EntryPoint\",\"urlTemplate\":\"https:\\\/\\\/beatrice-lambert.fr\\\/?s={search_term_string}\"},\"query-input\":{\"@type\":\"PropertyValueSpecification\",\"valueRequired\":true,\"valueName\":\"search_term_string\"}}],\"inLanguage\":\"fr-FR\"},{\"@type\":\"Organization\",\"@id\":\"https:\\\/\\\/beatrice-lambert.fr\\\/#organization\",\"name\":\"B\u00e9atrice Lambert\",\"url\":\"https:\\\/\\\/beatrice-lambert.fr\\\/\",\"logo\":{\"@type\":\"ImageObject\",\"inLanguage\":\"fr-FR\",\"@id\":\"https:\\\/\\\/beatrice-lambert.fr\\\/#\\\/schema\\\/logo\\\/image\\\/\",\"url\":\"https:\\\/\\\/beatrice-lambert.fr\\\/wp-content\\\/uploads\\\/2021\\\/09\\\/Beatrice-Logo-OK6.png\",\"contentUrl\":\"https:\\\/\\\/beatrice-lambert.fr\\\/wp-content\\\/uploads\\\/2021\\\/09\\\/Beatrice-Logo-OK6.png\",\"width\":400,\"height\":283,\"caption\":\"B\u00e9atrice Lambert\"},\"image\":{\"@id\":\"https:\\\/\\\/beatrice-lambert.fr\\\/#\\\/schema\\\/logo\\\/image\\\/\"}}]}<\/script>\n<!-- \/ Yoast SEO plugin. -->","yoast_head_json":{"title":"Qui suis je ? - Beatrice Lambert","description":"Sp\u00e9cialis\u00e9e dans la Psychoth\u00e9rapie corporelle et chamanique et je propose diff\u00e9rents types d'accompagnements : individuel, collectifs, week-end etc...","robots":{"index":"index","follow":"follow","max-snippet":"max-snippet:-1","max-image-preview":"max-image-preview:large","max-video-preview":"max-video-preview:-1"},"canonical":"https:\/\/beatrice-lambert.fr\/index.php\/colibri-wp\/qui-suis-je\/","og_locale":"fr_FR","og_type":"article","og_title":"Qui suis je ? - Beatrice Lambert","og_description":"Sp\u00e9cialis\u00e9e dans la Psychoth\u00e9rapie corporelle et chamanique et je propose diff\u00e9rents types d'accompagnements : individuel, collectifs, week-end etc...","og_url":"https:\/\/beatrice-lambert.fr\/index.php\/colibri-wp\/qui-suis-je\/","og_site_name":"Beatrice Lambert","article_modified_time":"2025-11-05T14:14:52+00:00","og_image":[{"url":"https:\/\/beatrice-lambert.fr\/wp-content\/uploads\/elementor\/thumbs\/DSCF6062-pe7xf729621m0m0uk6yfdgbnxa2dyqbfaij109r068.jpg","type":"","width":"","height":""}],"twitter_card":"summary_large_image","twitter_misc":{"Dur\u00e9e de lecture estim\u00e9e":"3 minutes"},"schema":{"@context":"https:\/\/schema.org","@graph":[{"@type":"WebPage","@id":"https:\/\/beatrice-lambert.fr\/index.php\/colibri-wp\/qui-suis-je\/","url":"https:\/\/beatrice-lambert.fr\/index.php\/colibri-wp\/qui-suis-je\/","name":"Qui suis je ? - Beatrice Lambert","isPartOf":{"@id":"https:\/\/beatrice-lambert.fr\/#website"},"primaryImageOfPage":{"@id":"https:\/\/beatrice-lambert.fr\/index.php\/colibri-wp\/qui-suis-je\/#primaryimage"},"image":{"@id":"https:\/\/beatrice-lambert.fr\/index.php\/colibri-wp\/qui-suis-je\/#primaryimage"},"thumbnailUrl":"https:\/\/beatrice-lambert.fr\/wp-content\/uploads\/elementor\/thumbs\/DSCF6062-pe7xf729621m0m0uk6yfdgbnxa2dyqbfaij109r068.jpg","datePublished":"2021-04-05T10:18:26+00:00","dateModified":"2025-11-05T14:14:52+00:00","description":"Sp\u00e9cialis\u00e9e dans la Psychoth\u00e9rapie corporelle et chamanique et je propose diff\u00e9rents types d'accompagnements : individuel, collectifs, week-end etc...","breadcrumb":{"@id":"https:\/\/beatrice-lambert.fr\/index.php\/colibri-wp\/qui-suis-je\/#breadcrumb"},"inLanguage":"fr-FR","potentialAction":[{"@type":"ReadAction","target":["https:\/\/beatrice-lambert.fr\/index.php\/colibri-wp\/qui-suis-je\/"]}]},{"@type":"ImageObject","inLanguage":"fr-FR","@id":"https:\/\/beatrice-lambert.fr\/index.php\/colibri-wp\/qui-suis-je\/#primaryimage","url":"https:\/\/beatrice-lambert.fr\/wp-content\/uploads\/elementor\/thumbs\/DSCF6062-pe7xf729621m0m0uk6yfdgbnxa2dyqbfaij109r068.jpg","contentUrl":"https:\/\/beatrice-lambert.fr\/wp-content\/uploads\/elementor\/thumbs\/DSCF6062-pe7xf729621m0m0uk6yfdgbnxa2dyqbfaij109r068.jpg"},{"@type":"BreadcrumbList","@id":"https:\/\/beatrice-lambert.fr\/index.php\/colibri-wp\/qui-suis-je\/#breadcrumb","itemListElement":[{"@type":"ListItem","position":1,"name":"Accueil","item":"https:\/\/beatrice-lambert.fr\/"},{"@type":"ListItem","position":2,"name":"Page d&rsquo;accueil","item":"https:\/\/beatrice-lambert.fr\/"},{"@type":"ListItem","position":3,"name":"Qui suis je ?"}]},{"@type":"WebSite","@id":"https:\/\/beatrice-lambert.fr\/#website","url":"https:\/\/beatrice-lambert.fr\/","name":"Beatrice Lambert","description":"","publisher":{"@id":"https:\/\/beatrice-lambert.fr\/#organization"},"potentialAction":[{"@type":"SearchAction","target":{"@type":"EntryPoint","urlTemplate":"https:\/\/beatrice-lambert.fr\/?s={search_term_string}"},"query-input":{"@type":"PropertyValueSpecification","valueRequired":true,"valueName":"search_term_string"}}],"inLanguage":"fr-FR"},{"@type":"Organization","@id":"https:\/\/beatrice-lambert.fr\/#organization","name":"B\u00e9atrice Lambert","url":"https:\/\/beatrice-lambert.fr\/","logo":{"@type":"ImageObject","inLanguage":"fr-FR","@id":"https:\/\/beatrice-lambert.fr\/#\/schema\/logo\/image\/","url":"https:\/\/beatrice-lambert.fr\/wp-content\/uploads\/2021\/09\/Beatrice-Logo-OK6.png","contentUrl":"https:\/\/beatrice-lambert.fr\/wp-content\/uploads\/2021\/09\/Beatrice-Logo-OK6.png","width":400,"height":283,"caption":"B\u00e9atrice Lambert"},"image":{"@id":"https:\/\/beatrice-lambert.fr\/#\/schema\/logo\/image\/"}}]}},"_links":{"self":[{"href":"https:\/\/beatrice-lambert.fr\/index.php\/wp-json\/wp\/v2\/pages\/102","targetHints":{"allow":["GET"]}}],"collection":[{"href":"https:\/\/beatrice-lambert.fr\/index.php\/wp-json\/wp\/v2\/pages"}],"about":[{"href":"https:\/\/beatrice-lambert.fr\/index.php\/wp-json\/wp\/v2\/types\/page"}],"author":[{"embeddable":true,"href":"https:\/\/beatrice-lambert.fr\/index.php\/wp-json\/wp\/v2\/users\/1"}],"replies":[{"embeddable":true,"href":"https:\/\/beatrice-lambert.fr\/index.php\/wp-json\/wp\/v2\/comments?post=102"}],"version-history":[{"count":27,"href":"https:\/\/beatrice-lambert.fr\/index.php\/wp-json\/wp\/v2\/pages\/102\/revisions"}],"predecessor-version":[{"id":3919,"href":"https:\/\/beatrice-lambert.fr\/index.php\/wp-json\/wp\/v2\/pages\/102\/revisions\/3919"}],"up":[{"embeddable":true,"href":"https:\/\/beatrice-lambert.fr\/index.php\/wp-json\/wp\/v2\/pages\/115"}],"wp:attachment":[{"href":"https:\/\/beatrice-lambert.fr\/index.php\/wp-json\/wp\/v2\/media?parent=102"}],"curies":[{"name":"wp","href":"https:\/\/api.w.org\/{rel}","templated":true}]}}